{"id":5709,"date":"2026-01-10T19:48:03","date_gmt":"2026-01-10T16:48:03","guid":{"rendered":"https:\/\/sbdapparel.lt\/?post_type=product&#038;p=5709"},"modified":"2026-02-11T20:26:16","modified_gmt":"2026-02-11T17:26:16","slug":"sheffield-2026-varzybu-marskineliai","status":"publish","type":"product","link":"https:\/\/sbdapparel.lt\/en\/product\/sheffield-2026-varzybu-marskineliai\/","title":{"rendered":"SHEFFIELD 2026 OVERSIZED MAR\u0160KIN\u0116LIAI"},"content":{"rendered":"","protected":false},"excerpt":{"rendered":"<p>M\u016bs\u0173 komandos Did\u017eiojoje Britanijoje sukurti m\u016bs\u0173 mar\u0161kin\u0117liai yra i\u0161did\u017eiai pagaminti skiriant tok\u012f pat\u012f d\u0117mes\u012f detal\u0117ms ir laikantis t\u0173 pa\u010di\u0173 auk\u0161t\u0173 standart\u0173, kaip ir \u012franga, kuria naudojasi \u0160efildo j\u0117gos trikov\u0117s \u010dempionate dalyvaujantys sportininkai.<\/p>\n<p>Oficial\u016bs 2026 m. \u0160efildo j\u0117gos trikov\u0117s \u010dempionato var\u017eyb\u0173 mar\u0161kin\u0117liai.<br \/>\nPatogus ir patvarus, sukurti taip, kad i\u0161tvert\u0173 ilgus\u00a0 naudojimo metus treniruot\u0117se<br \/>\nMade in Sheffield, Great Britain.<\/p>","protected":false},"featured_media":5722,"template":"","meta":[],"product_brand":[],"product_cat":[49],"product_tag":[],"giftcard-category":[],"class_list":{"0":"post-5709","1":"product","2":"type-product","3":"status-publish","4":"has-post-thumbnail","6":"product_cat-marskineliai","9":"instock","10":"shipping-taxable","11":"purchasable","12":"product-type-variable","13":"product-grid-view"},"yoast_head":"<!-- This site is optimized with the Yoast SEO plugin v26.9 - https:\/\/yoast.com\/product\/yoast-seo-wordpress\/ -->\n<title>SHEFFIELD 2026 OVERSIZED MAR\u0160KIN\u0116LIAI - SBD Apparel LT<\/title>\n<meta name=\"robots\" content=\"index, follow, max-snippet:-1, max-image-preview:large, max-video-preview:-1\" \/>\n<link rel=\"canonical\" href=\"https:\/\/sbdapparel.lt\/en\/product\/sheffield-2026-varzybu-marskineliai\/\" \/>\n<meta property=\"og:locale\" content=\"en_US\" \/>\n<meta property=\"og:type\" content=\"article\" \/>\n<meta property=\"og:title\" content=\"SHEFFIELD 2026 OVERSIZED MAR\u0160KIN\u0116LIAI - SBD Apparel LT\" \/>\n<meta property=\"og:description\" content=\"M\u016bs\u0173 komandos Did\u017eiojoje Britanijoje sukurti m\u016bs\u0173 mar\u0161kin\u0117liai yra i\u0161did\u017eiai pagaminti skiriant tok\u012f pat\u012f d\u0117mes\u012f detal\u0117ms ir laikantis t\u0173 pa\u010di\u0173 auk\u0161t\u0173 standart\u0173, kaip ir \u012franga, kuria naudojasi \u0160efildo j\u0117gos trikov\u0117s \u010dempionate dalyvaujantys sportininkai.  Oficial\u016bs 2026 m. \u0160efildo j\u0117gos trikov\u0117s \u010dempionato var\u017eyb\u0173 mar\u0161kin\u0117liai. Patogus ir patvarus, sukurti taip, kad i\u0161tvert\u0173 ilgus\u00a0 naudojimo metus treniruot\u0117se Pagaminta \u0160efilde, Did\u017eiojoje Britanijoje.\" \/>\n<meta property=\"og:url\" content=\"https:\/\/sbdapparel.lt\/en\/product\/sheffield-2026-varzybu-marskineliai\/\" \/>\n<meta property=\"og:site_name\" content=\"SBD Apparel LT\" \/>\n<meta property=\"article:modified_time\" content=\"2026-02-11T17:26:16+00:00\" \/>\n<meta property=\"og:image\" content=\"http:\/\/sbdapparel.lt\/wp-content\/uploads\/2026\/01\/SHF26-T-SHIRT-ECOM-01.jpg\" \/>\n\t<meta property=\"og:image:width\" content=\"2048\" \/>\n\t<meta property=\"og:image:height\" content=\"2048\" \/>\n\t<meta property=\"og:image:type\" content=\"image\/jpeg\" \/>\n<meta name=\"twitter:card\" content=\"summary_large_image\" \/>\n<meta name=\"twitter:label1\" content=\"Est. reading time\" \/>\n\t<meta name=\"twitter:data1\" content=\"1 minute\" \/>\n<script type=\"application\/ld+json\" class=\"yoast-schema-graph\">{\"@context\":\"https:\/\/schema.org\",\"@graph\":[{\"@type\":\"WebPage\",\"@id\":\"https:\/\/sbdapparel.lt\/product\/sheffield-2026-varzybu-marskineliai\/\",\"url\":\"https:\/\/sbdapparel.lt\/product\/sheffield-2026-varzybu-marskineliai\/\",\"name\":\"SHEFFIELD 2026 OVERSIZED MAR\u0160KIN\u0116LIAI - SBD Apparel LT\",\"isPartOf\":{\"@id\":\"https:\/\/sbdapparel.lt\/#website\"},\"primaryImageOfPage\":{\"@id\":\"https:\/\/sbdapparel.lt\/product\/sheffield-2026-varzybu-marskineliai\/#primaryimage\"},\"image\":{\"@id\":\"https:\/\/sbdapparel.lt\/product\/sheffield-2026-varzybu-marskineliai\/#primaryimage\"},\"thumbnailUrl\":\"https:\/\/sbdapparel.lt\/wp-content\/uploads\/2026\/01\/SHF26-T-SHIRT-ECOM-01.jpg\",\"datePublished\":\"2026-01-10T16:48:03+00:00\",\"dateModified\":\"2026-02-11T17:26:16+00:00\",\"breadcrumb\":{\"@id\":\"https:\/\/sbdapparel.lt\/product\/sheffield-2026-varzybu-marskineliai\/#breadcrumb\"},\"inLanguage\":\"en-US\",\"potentialAction\":[{\"@type\":\"ReadAction\",\"target\":[\"https:\/\/sbdapparel.lt\/product\/sheffield-2026-varzybu-marskineliai\/\"]}]},{\"@type\":\"ImageObject\",\"inLanguage\":\"en-US\",\"@id\":\"https:\/\/sbdapparel.lt\/product\/sheffield-2026-varzybu-marskineliai\/#primaryimage\",\"url\":\"https:\/\/sbdapparel.lt\/wp-content\/uploads\/2026\/01\/SHF26-T-SHIRT-ECOM-01.jpg\",\"contentUrl\":\"https:\/\/sbdapparel.lt\/wp-content\/uploads\/2026\/01\/SHF26-T-SHIRT-ECOM-01.jpg\",\"width\":2048,\"height\":2048},{\"@type\":\"BreadcrumbList\",\"@id\":\"https:\/\/sbdapparel.lt\/product\/sheffield-2026-varzybu-marskineliai\/#breadcrumb\",\"itemListElement\":[{\"@type\":\"ListItem\",\"position\":1,\"name\":\"Home\",\"item\":\"https:\/\/sbdapparel.lt\/\"},{\"@type\":\"ListItem\",\"position\":2,\"name\":\"Produktai\",\"item\":\"https:\/\/sbdapparel.lt\/shop\/\"},{\"@type\":\"ListItem\",\"position\":3,\"name\":\"SHEFFIELD 2026 OVERSIZED MAR\u0160KIN\u0116LIAI\"}]},{\"@type\":\"WebSite\",\"@id\":\"https:\/\/sbdapparel.lt\/#website\",\"url\":\"https:\/\/sbdapparel.lt\/\",\"name\":\"SBD Apparel LT\",\"description\":\"LIETUVA\",\"publisher\":{\"@id\":\"https:\/\/sbdapparel.lt\/#organization\"},\"potentialAction\":[{\"@type\":\"SearchAction\",\"target\":{\"@type\":\"EntryPoint\",\"urlTemplate\":\"https:\/\/sbdapparel.lt\/?s={search_term_string}\"},\"query-input\":{\"@type\":\"PropertyValueSpecification\",\"valueRequired\":true,\"valueName\":\"search_term_string\"}}],\"inLanguage\":\"en-US\"},{\"@type\":\"Organization\",\"@id\":\"https:\/\/sbdapparel.lt\/#organization\",\"name\":\"SBD Apparel LT\",\"url\":\"https:\/\/sbdapparel.lt\/\",\"logo\":{\"@type\":\"ImageObject\",\"inLanguage\":\"en-US\",\"@id\":\"https:\/\/sbdapparel.lt\/#\/schema\/logo\/image\/\",\"url\":\"https:\/\/sbdapparel.lt\/wp-content\/uploads\/2023\/07\/cropped-SBD_Identity_OnDark_RGB.png\",\"contentUrl\":\"https:\/\/sbdapparel.lt\/wp-content\/uploads\/2023\/07\/cropped-SBD_Identity_OnDark_RGB.png\",\"width\":1182,\"height\":515,\"caption\":\"SBD Apparel LT\"},\"image\":{\"@id\":\"https:\/\/sbdapparel.lt\/#\/schema\/logo\/image\/\"}}]}<\/script>\n<!-- \/ Yoast SEO plugin. -->","yoast_head_json":{"title":"SHEFFIELD 2026 OVERSIZED MAR\u0160KIN\u0116LIAI - SBD Apparel LT","robots":{"index":"index","follow":"follow","max-snippet":"max-snippet:-1","max-image-preview":"max-image-preview:large","max-video-preview":"max-video-preview:-1"},"canonical":"https:\/\/sbdapparel.lt\/en\/product\/sheffield-2026-varzybu-marskineliai\/","og_locale":"en_US","og_type":"article","og_title":"SHEFFIELD 2026 OVERSIZED MAR\u0160KIN\u0116LIAI - SBD Apparel LT","og_description":"M\u016bs\u0173 komandos Did\u017eiojoje Britanijoje sukurti m\u016bs\u0173 mar\u0161kin\u0117liai yra i\u0161did\u017eiai pagaminti skiriant tok\u012f pat\u012f d\u0117mes\u012f detal\u0117ms ir laikantis t\u0173 pa\u010di\u0173 auk\u0161t\u0173 standart\u0173, kaip ir \u012franga, kuria naudojasi \u0160efildo j\u0117gos trikov\u0117s \u010dempionate dalyvaujantys sportininkai.  Oficial\u016bs 2026 m. \u0160efildo j\u0117gos trikov\u0117s \u010dempionato var\u017eyb\u0173 mar\u0161kin\u0117liai. Patogus ir patvarus, sukurti taip, kad i\u0161tvert\u0173 ilgus\u00a0 naudojimo metus treniruot\u0117se Pagaminta \u0160efilde, Did\u017eiojoje Britanijoje.","og_url":"https:\/\/sbdapparel.lt\/en\/product\/sheffield-2026-varzybu-marskineliai\/","og_site_name":"SBD Apparel LT","article_modified_time":"2026-02-11T17:26:16+00:00","og_image":[{"width":2048,"height":2048,"url":"http:\/\/sbdapparel.lt\/wp-content\/uploads\/2026\/01\/SHF26-T-SHIRT-ECOM-01.jpg","type":"image\/jpeg"}],"twitter_card":"summary_large_image","twitter_misc":{"Est. reading time":"1 minute"},"schema":{"@context":"https:\/\/schema.org","@graph":[{"@type":"WebPage","@id":"https:\/\/sbdapparel.lt\/product\/sheffield-2026-varzybu-marskineliai\/","url":"https:\/\/sbdapparel.lt\/product\/sheffield-2026-varzybu-marskineliai\/","name":"SHEFFIELD 2026 OVERSIZED MAR\u0160KIN\u0116LIAI - SBD Apparel LT","isPartOf":{"@id":"https:\/\/sbdapparel.lt\/#website"},"primaryImageOfPage":{"@id":"https:\/\/sbdapparel.lt\/product\/sheffield-2026-varzybu-marskineliai\/#primaryimage"},"image":{"@id":"https:\/\/sbdapparel.lt\/product\/sheffield-2026-varzybu-marskineliai\/#primaryimage"},"thumbnailUrl":"https:\/\/sbdapparel.lt\/wp-content\/uploads\/2026\/01\/SHF26-T-SHIRT-ECOM-01.jpg","datePublished":"2026-01-10T16:48:03+00:00","dateModified":"2026-02-11T17:26:16+00:00","breadcrumb":{"@id":"https:\/\/sbdapparel.lt\/product\/sheffield-2026-varzybu-marskineliai\/#breadcrumb"},"inLanguage":"en-US","potentialAction":[{"@type":"ReadAction","target":["https:\/\/sbdapparel.lt\/product\/sheffield-2026-varzybu-marskineliai\/"]}]},{"@type":"ImageObject","inLanguage":"en-US","@id":"https:\/\/sbdapparel.lt\/product\/sheffield-2026-varzybu-marskineliai\/#primaryimage","url":"https:\/\/sbdapparel.lt\/wp-content\/uploads\/2026\/01\/SHF26-T-SHIRT-ECOM-01.jpg","contentUrl":"https:\/\/sbdapparel.lt\/wp-content\/uploads\/2026\/01\/SHF26-T-SHIRT-ECOM-01.jpg","width":2048,"height":2048},{"@type":"BreadcrumbList","@id":"https:\/\/sbdapparel.lt\/product\/sheffield-2026-varzybu-marskineliai\/#breadcrumb","itemListElement":[{"@type":"ListItem","position":1,"name":"Home","item":"https:\/\/sbdapparel.lt\/"},{"@type":"ListItem","position":2,"name":"Produktai","item":"https:\/\/sbdapparel.lt\/shop\/"},{"@type":"ListItem","position":3,"name":"SHEFFIELD 2026 OVERSIZED MAR\u0160KIN\u0116LIAI"}]},{"@type":"WebSite","@id":"https:\/\/sbdapparel.lt\/#website","url":"https:\/\/sbdapparel.lt\/","name":"SBD Apparel LT","description":"LIETUVA","publisher":{"@id":"https:\/\/sbdapparel.lt\/#organization"},"potentialAction":[{"@type":"SearchAction","target":{"@type":"EntryPoint","urlTemplate":"https:\/\/sbdapparel.lt\/?s={search_term_string}"},"query-input":{"@type":"PropertyValueSpecification","valueRequired":true,"valueName":"search_term_string"}}],"inLanguage":"en-US"},{"@type":"Organization","@id":"https:\/\/sbdapparel.lt\/#organization","name":"SBD Apparel LT","url":"https:\/\/sbdapparel.lt\/","logo":{"@type":"ImageObject","inLanguage":"en-US","@id":"https:\/\/sbdapparel.lt\/#\/schema\/logo\/image\/","url":"https:\/\/sbdapparel.lt\/wp-content\/uploads\/2023\/07\/cropped-SBD_Identity_OnDark_RGB.png","contentUrl":"https:\/\/sbdapparel.lt\/wp-content\/uploads\/2023\/07\/cropped-SBD_Identity_OnDark_RGB.png","width":1182,"height":515,"caption":"SBD Apparel LT"},"image":{"@id":"https:\/\/sbdapparel.lt\/#\/schema\/logo\/image\/"}}]}},"_links":{"self":[{"href":"https:\/\/sbdapparel.lt\/en\/wp-json\/wp\/v2\/product\/5709","targetHints":{"allow":["GET"]}}],"collection":[{"href":"https:\/\/sbdapparel.lt\/en\/wp-json\/wp\/v2\/product"}],"about":[{"href":"https:\/\/sbdapparel.lt\/en\/wp-json\/wp\/v2\/types\/product"}],"version-history":[{"count":2,"href":"https:\/\/sbdapparel.lt\/en\/wp-json\/wp\/v2\/product\/5709\/revisions"}],"predecessor-version":[{"id":5727,"href":"https:\/\/sbdapparel.lt\/en\/wp-json\/wp\/v2\/product\/5709\/revisions\/5727"}],"wp:featuredmedia":[{"embeddable":true,"href":"https:\/\/sbdapparel.lt\/en\/wp-json\/wp\/v2\/media\/5722"}],"wp:attachment":[{"href":"https:\/\/sbdapparel.lt\/en\/wp-json\/wp\/v2\/media?parent=5709"}],"wp:term":[{"taxonomy":"product_brand","embeddable":true,"href":"https:\/\/sbdapparel.lt\/en\/wp-json\/wp\/v2\/product_brand?post=5709"},{"taxonomy":"product_cat","embeddable":true,"href":"https:\/\/sbdapparel.lt\/en\/wp-json\/wp\/v2\/product_cat?post=5709"},{"taxonomy":"product_tag","embeddable":true,"href":"https:\/\/sbdapparel.lt\/en\/wp-json\/wp\/v2\/product_tag?post=5709"},{"taxonomy":"giftcard-category","embeddable":true,"href":"https:\/\/sbdapparel.lt\/en\/wp-json\/wp\/v2\/giftcard-category?post=5709"}],"curies":[{"name":"wp","href":"https:\/\/api.w.org\/{rel}","templated":true}]}}