{"id":6240,"date":"2026-02-04T15:35:07","date_gmt":"2026-02-04T12:35:07","guid":{"rendered":"https:\/\/sbdapparel.lt\/?post_type=product&#038;p=6240"},"modified":"2026-05-05T20:30:22","modified_gmt":"2026-05-05T17:30:22","slug":"nova-riesu-bintai","status":"publish","type":"product","link":"https:\/\/sbdapparel.lt\/en\/product\/nova-riesu-bintai\/","title":{"rendered":"NOVA RIE\u0160\u0172 BINTAI"},"content":{"rendered":"","protected":false},"excerpt":{"rendered":"<p>Wrist wraps relied on by strength athletes around the world, available in two versions and three lengths, to accommodate for every preference.<\/p>\n<p>Flexible - Designed to support the wrist while allowing the wrist to flex, designed for superior moulding to the wrist, and upgraded comfort during supported wrist flexion.<\/p>\n<p>Stiff - Designed to cast and immobilise the wrist, now with a softer finish, to resist wrist flexion while minimising discomfort.<\/p>\n<p>\u201eResolve\u201c yra riboto leidimo kolekcija, pasi\u017eyminti tokiomis pat savyb\u0117mis ir pagaminta pagal tokius pa\u010dius auk\u0161tus standartus kaip ir m\u016bs\u0173 klasikin\u0117 produkt\u0173 linija.<\/p>\n<p>Sold as a pair.<br \/>\nIPF approved with the maximum width (8cm) and available up to the maximum length (1m).<br \/>\nProprietary wide elastics developed and manufactured specifically for wrist support.<br \/>\nPowered by VELCRO\u00ae Brand hook and loop<br \/>\nLeft and right designs for equal wrapping of each wrist.<br \/>\nMade in Sheffield, Great Britain.<\/p>","protected":false},"featured_media":6249,"template":"","meta":[],"product_brand":[],"product_cat":[77,45],"product_tag":[],"giftcard-category":[],"class_list":{"0":"post-6240","1":"product","2":"type-product","3":"status-publish","4":"has-post-thumbnail","6":"product_cat-nova","7":"product_cat-riesubintai","10":"instock","11":"shipping-taxable","12":"purchasable","13":"product-type-variable","14":"product-grid-view"},"yoast_head":"<!-- This site is optimized with the Yoast SEO plugin v26.9 - https:\/\/yoast.com\/product\/yoast-seo-wordpress\/ -->\n<title>NOVA RIE\u0160\u0172 BINTAI - SBD Apparel LT<\/title>\n<meta name=\"description\" content=\"Rie\u0161\u0173 bintai, kuriais pasitiki j\u0117gos atletai i\u0161 viso pasaulio, galimi dviej\u0173 versij\u0173 ir trij\u0173 ilgi\u0173, kad atitikt\u0173 visus poreikius.\" \/>\n<meta name=\"robots\" content=\"index, follow, max-snippet:-1, max-image-preview:large, max-video-preview:-1\" \/>\n<link rel=\"canonical\" href=\"https:\/\/sbdapparel.lt\/en\/product\/nova-riesu-bintai\/\" \/>\n<meta property=\"og:locale\" content=\"en_US\" \/>\n<meta property=\"og:type\" content=\"article\" \/>\n<meta property=\"og:title\" content=\"NOVA RIE\u0160\u0172 BINTAI - SBD Apparel LT\" \/>\n<meta property=\"og:description\" content=\"Rie\u0161\u0173 bintai, kuriais pasitiki j\u0117gos atletai i\u0161 viso pasaulio, galimi dviej\u0173 versij\u0173 ir trij\u0173 ilgi\u0173, kad atitikt\u0173 visus poreikius.\" \/>\n<meta property=\"og:url\" content=\"https:\/\/sbdapparel.lt\/en\/product\/nova-riesu-bintai\/\" \/>\n<meta property=\"og:site_name\" content=\"SBD Apparel LT\" \/>\n<meta property=\"article:modified_time\" content=\"2026-05-05T17:30:22+00:00\" \/>\n<meta property=\"og:image\" content=\"http:\/\/sbdapparel.lt\/wp-content\/uploads\/2026\/02\/Wrist-Wraps-Stiff-Men-02-with-snipe-1024x1024.jpg\" \/>\n\t<meta property=\"og:image:width\" content=\"1024\" \/>\n\t<meta property=\"og:image:height\" content=\"1024\" \/>\n\t<meta property=\"og:image:type\" content=\"image\/jpeg\" \/>\n<meta name=\"twitter:card\" content=\"summary_large_image\" \/>\n<meta name=\"twitter:label1\" content=\"Est. reading time\" \/>\n\t<meta name=\"twitter:data1\" content=\"1 minute\" \/>\n<script type=\"application\/ld+json\" class=\"yoast-schema-graph\">{\"@context\":\"https:\/\/schema.org\",\"@graph\":[{\"@type\":\"WebPage\",\"@id\":\"https:\/\/sbdapparel.lt\/product\/nova-riesu-bintai\/\",\"url\":\"https:\/\/sbdapparel.lt\/product\/nova-riesu-bintai\/\",\"name\":\"NOVA RIE\u0160\u0172 BINTAI - SBD Apparel LT\",\"isPartOf\":{\"@id\":\"https:\/\/sbdapparel.lt\/#website\"},\"primaryImageOfPage\":{\"@id\":\"https:\/\/sbdapparel.lt\/product\/nova-riesu-bintai\/#primaryimage\"},\"image\":{\"@id\":\"https:\/\/sbdapparel.lt\/product\/nova-riesu-bintai\/#primaryimage\"},\"thumbnailUrl\":\"https:\/\/sbdapparel.lt\/wp-content\/uploads\/2026\/02\/Wrist-Wraps-Stiff-Men-02-with-snipe.jpg\",\"datePublished\":\"2026-02-04T12:35:07+00:00\",\"dateModified\":\"2026-05-05T17:30:22+00:00\",\"description\":\"Rie\u0161\u0173 bintai, kuriais pasitiki j\u0117gos atletai i\u0161 viso pasaulio, galimi dviej\u0173 versij\u0173 ir trij\u0173 ilgi\u0173, kad atitikt\u0173 visus poreikius.\",\"breadcrumb\":{\"@id\":\"https:\/\/sbdapparel.lt\/product\/nova-riesu-bintai\/#breadcrumb\"},\"inLanguage\":\"en-US\",\"potentialAction\":[{\"@type\":\"ReadAction\",\"target\":[\"https:\/\/sbdapparel.lt\/product\/nova-riesu-bintai\/\"]}]},{\"@type\":\"ImageObject\",\"inLanguage\":\"en-US\",\"@id\":\"https:\/\/sbdapparel.lt\/product\/nova-riesu-bintai\/#primaryimage\",\"url\":\"https:\/\/sbdapparel.lt\/wp-content\/uploads\/2026\/02\/Wrist-Wraps-Stiff-Men-02-with-snipe.jpg\",\"contentUrl\":\"https:\/\/sbdapparel.lt\/wp-content\/uploads\/2026\/02\/Wrist-Wraps-Stiff-Men-02-with-snipe.jpg\",\"width\":2048,\"height\":2048},{\"@type\":\"BreadcrumbList\",\"@id\":\"https:\/\/sbdapparel.lt\/product\/nova-riesu-bintai\/#breadcrumb\",\"itemListElement\":[{\"@type\":\"ListItem\",\"position\":1,\"name\":\"Home\",\"item\":\"https:\/\/sbdapparel.lt\/\"},{\"@type\":\"ListItem\",\"position\":2,\"name\":\"Produktai\",\"item\":\"https:\/\/sbdapparel.lt\/shop\/\"},{\"@type\":\"ListItem\",\"position\":3,\"name\":\"NOVA RIE\u0160\u0172 BINTAI\"}]},{\"@type\":\"WebSite\",\"@id\":\"https:\/\/sbdapparel.lt\/#website\",\"url\":\"https:\/\/sbdapparel.lt\/\",\"name\":\"SBD Apparel LT\",\"description\":\"LIETUVA\",\"publisher\":{\"@id\":\"https:\/\/sbdapparel.lt\/#organization\"},\"potentialAction\":[{\"@type\":\"SearchAction\",\"target\":{\"@type\":\"EntryPoint\",\"urlTemplate\":\"https:\/\/sbdapparel.lt\/?s={search_term_string}\"},\"query-input\":{\"@type\":\"PropertyValueSpecification\",\"valueRequired\":true,\"valueName\":\"search_term_string\"}}],\"inLanguage\":\"en-US\"},{\"@type\":\"Organization\",\"@id\":\"https:\/\/sbdapparel.lt\/#organization\",\"name\":\"SBD Apparel LT\",\"url\":\"https:\/\/sbdapparel.lt\/\",\"logo\":{\"@type\":\"ImageObject\",\"inLanguage\":\"en-US\",\"@id\":\"https:\/\/sbdapparel.lt\/#\/schema\/logo\/image\/\",\"url\":\"https:\/\/sbdapparel.lt\/wp-content\/uploads\/2023\/07\/cropped-SBD_Identity_OnDark_RGB.png\",\"contentUrl\":\"https:\/\/sbdapparel.lt\/wp-content\/uploads\/2023\/07\/cropped-SBD_Identity_OnDark_RGB.png\",\"width\":1182,\"height\":515,\"caption\":\"SBD Apparel LT\"},\"image\":{\"@id\":\"https:\/\/sbdapparel.lt\/#\/schema\/logo\/image\/\"}}]}<\/script>\n<!-- \/ Yoast SEO plugin. -->","yoast_head_json":{"title":"NOVA RIE\u0160\u0172 BINTAI - SBD Apparel LT","description":"Rie\u0161\u0173 bintai, kuriais pasitiki j\u0117gos atletai i\u0161 viso pasaulio, galimi dviej\u0173 versij\u0173 ir trij\u0173 ilgi\u0173, kad atitikt\u0173 visus poreikius.","robots":{"index":"index","follow":"follow","max-snippet":"max-snippet:-1","max-image-preview":"max-image-preview:large","max-video-preview":"max-video-preview:-1"},"canonical":"https:\/\/sbdapparel.lt\/en\/product\/nova-riesu-bintai\/","og_locale":"en_US","og_type":"article","og_title":"NOVA RIE\u0160\u0172 BINTAI - SBD Apparel LT","og_description":"Rie\u0161\u0173 bintai, kuriais pasitiki j\u0117gos atletai i\u0161 viso pasaulio, galimi dviej\u0173 versij\u0173 ir trij\u0173 ilgi\u0173, kad atitikt\u0173 visus poreikius.","og_url":"https:\/\/sbdapparel.lt\/en\/product\/nova-riesu-bintai\/","og_site_name":"SBD Apparel LT","article_modified_time":"2026-05-05T17:30:22+00:00","og_image":[{"width":1024,"height":1024,"url":"http:\/\/sbdapparel.lt\/wp-content\/uploads\/2026\/02\/Wrist-Wraps-Stiff-Men-02-with-snipe-1024x1024.jpg","type":"image\/jpeg"}],"twitter_card":"summary_large_image","twitter_misc":{"Est. reading time":"1 minute"},"schema":{"@context":"https:\/\/schema.org","@graph":[{"@type":"WebPage","@id":"https:\/\/sbdapparel.lt\/product\/nova-riesu-bintai\/","url":"https:\/\/sbdapparel.lt\/product\/nova-riesu-bintai\/","name":"NOVA RIE\u0160\u0172 BINTAI - SBD Apparel LT","isPartOf":{"@id":"https:\/\/sbdapparel.lt\/#website"},"primaryImageOfPage":{"@id":"https:\/\/sbdapparel.lt\/product\/nova-riesu-bintai\/#primaryimage"},"image":{"@id":"https:\/\/sbdapparel.lt\/product\/nova-riesu-bintai\/#primaryimage"},"thumbnailUrl":"https:\/\/sbdapparel.lt\/wp-content\/uploads\/2026\/02\/Wrist-Wraps-Stiff-Men-02-with-snipe.jpg","datePublished":"2026-02-04T12:35:07+00:00","dateModified":"2026-05-05T17:30:22+00:00","description":"Rie\u0161\u0173 bintai, kuriais pasitiki j\u0117gos atletai i\u0161 viso pasaulio, galimi dviej\u0173 versij\u0173 ir trij\u0173 ilgi\u0173, kad atitikt\u0173 visus poreikius.","breadcrumb":{"@id":"https:\/\/sbdapparel.lt\/product\/nova-riesu-bintai\/#breadcrumb"},"inLanguage":"en-US","potentialAction":[{"@type":"ReadAction","target":["https:\/\/sbdapparel.lt\/product\/nova-riesu-bintai\/"]}]},{"@type":"ImageObject","inLanguage":"en-US","@id":"https:\/\/sbdapparel.lt\/product\/nova-riesu-bintai\/#primaryimage","url":"https:\/\/sbdapparel.lt\/wp-content\/uploads\/2026\/02\/Wrist-Wraps-Stiff-Men-02-with-snipe.jpg","contentUrl":"https:\/\/sbdapparel.lt\/wp-content\/uploads\/2026\/02\/Wrist-Wraps-Stiff-Men-02-with-snipe.jpg","width":2048,"height":2048},{"@type":"BreadcrumbList","@id":"https:\/\/sbdapparel.lt\/product\/nova-riesu-bintai\/#breadcrumb","itemListElement":[{"@type":"ListItem","position":1,"name":"Home","item":"https:\/\/sbdapparel.lt\/"},{"@type":"ListItem","position":2,"name":"Produktai","item":"https:\/\/sbdapparel.lt\/shop\/"},{"@type":"ListItem","position":3,"name":"NOVA RIE\u0160\u0172 BINTAI"}]},{"@type":"WebSite","@id":"https:\/\/sbdapparel.lt\/#website","url":"https:\/\/sbdapparel.lt\/","name":"SBD Apparel LT","description":"LIETUVA","publisher":{"@id":"https:\/\/sbdapparel.lt\/#organization"},"potentialAction":[{"@type":"SearchAction","target":{"@type":"EntryPoint","urlTemplate":"https:\/\/sbdapparel.lt\/?s={search_term_string}"},"query-input":{"@type":"PropertyValueSpecification","valueRequired":true,"valueName":"search_term_string"}}],"inLanguage":"en-US"},{"@type":"Organization","@id":"https:\/\/sbdapparel.lt\/#organization","name":"SBD Apparel LT","url":"https:\/\/sbdapparel.lt\/","logo":{"@type":"ImageObject","inLanguage":"en-US","@id":"https:\/\/sbdapparel.lt\/#\/schema\/logo\/image\/","url":"https:\/\/sbdapparel.lt\/wp-content\/uploads\/2023\/07\/cropped-SBD_Identity_OnDark_RGB.png","contentUrl":"https:\/\/sbdapparel.lt\/wp-content\/uploads\/2023\/07\/cropped-SBD_Identity_OnDark_RGB.png","width":1182,"height":515,"caption":"SBD Apparel LT"},"image":{"@id":"https:\/\/sbdapparel.lt\/#\/schema\/logo\/image\/"}}]}},"_links":{"self":[{"href":"https:\/\/sbdapparel.lt\/en\/wp-json\/wp\/v2\/product\/6240","targetHints":{"allow":["GET"]}}],"collection":[{"href":"https:\/\/sbdapparel.lt\/en\/wp-json\/wp\/v2\/product"}],"about":[{"href":"https:\/\/sbdapparel.lt\/en\/wp-json\/wp\/v2\/types\/product"}],"version-history":[{"count":1,"href":"https:\/\/sbdapparel.lt\/en\/wp-json\/wp\/v2\/product\/6240\/revisions"}],"predecessor-version":[{"id":6251,"href":"https:\/\/sbdapparel.lt\/en\/wp-json\/wp\/v2\/product\/6240\/revisions\/6251"}],"wp:featuredmedia":[{"embeddable":true,"href":"https:\/\/sbdapparel.lt\/en\/wp-json\/wp\/v2\/media\/6249"}],"wp:attachment":[{"href":"https:\/\/sbdapparel.lt\/en\/wp-json\/wp\/v2\/media?parent=6240"}],"wp:term":[{"taxonomy":"product_brand","embeddable":true,"href":"https:\/\/sbdapparel.lt\/en\/wp-json\/wp\/v2\/product_brand?post=6240"},{"taxonomy":"product_cat","embeddable":true,"href":"https:\/\/sbdapparel.lt\/en\/wp-json\/wp\/v2\/product_cat?post=6240"},{"taxonomy":"product_tag","embeddable":true,"href":"https:\/\/sbdapparel.lt\/en\/wp-json\/wp\/v2\/product_tag?post=6240"},{"taxonomy":"giftcard-category","embeddable":true,"href":"https:\/\/sbdapparel.lt\/en\/wp-json\/wp\/v2\/giftcard-category?post=6240"}],"curies":[{"name":"wp","href":"https:\/\/api.w.org\/{rel}","templated":true}]}}