{"id":6366,"date":"2026-02-04T17:58:07","date_gmt":"2026-02-04T14:58:07","guid":{"rendered":"https:\/\/sbdapparel.lt\/?post_type=product&#038;p=6366"},"modified":"2026-02-11T19:30:38","modified_gmt":"2026-02-11T16:30:38","slug":"nova-treniruociu-marskineliai","status":"publish","type":"product","link":"https:\/\/sbdapparel.lt\/en\/product\/nova-treniruociu-marskineliai\/","title":{"rendered":"NOVA TRENIRUO\u010cI\u0172 MAR\u0160KIN\u0116LIAI"},"content":{"rendered":"","protected":false},"excerpt":{"rendered":"<p>Manufactured fully in the UK from cotton to sewing, the SBD shirt can endure the toughest training. Developed in conjunction with athlete feedback.<\/p>\n<p>NOVA\u00a0 yra riboto leidimo kolekcija, pasi\u017eyminti tokiomis pat savyb\u0117mis ir pagaminta pagal tokius pa\u010dius auk\u0161tus standartus kaip ir m\u016bs\u0173 klasikin\u0117 produkt\u0173 linija.<\/p>\n<p>Featuring an SBD logo print on the chest.<br \/>\nComfortable and durable, designed to endure years of use in training.<br \/>\nKnitted with 100% Good Earth Cotton\u00ae.<br \/>\nMade in Sheffield, Great Britain.<\/p>","protected":false},"featured_media":6375,"template":"","meta":[],"product_brand":[],"product_cat":[49,77],"product_tag":[],"giftcard-category":[],"class_list":{"0":"post-6366","1":"product","2":"type-product","3":"status-publish","4":"has-post-thumbnail","6":"product_cat-marskineliai","7":"product_cat-nova","10":"instock","11":"shipping-taxable","12":"purchasable","13":"product-type-variable","14":"product-grid-view"},"yoast_head":"<!-- This site is optimized with the Yoast SEO plugin v26.9 - https:\/\/yoast.com\/product\/yoast-seo-wordpress\/ -->\n<title>NOVA TRENIRUO\u010cI\u0172 MAR\u0160KIN\u0116LIAI - SBD Apparel LT<\/title>\n<meta name=\"description\" content=\"Nuo medviln\u0117s iki siuvimo visi\u0161kai JK pagaminti SBD mar\u0161kin\u0117liai gali atlaikyti sunkiausias treniruotes. Sukurta pagal sportinink\u0173 atsiliepimais.\" \/>\n<meta name=\"robots\" content=\"index, follow, max-snippet:-1, max-image-preview:large, max-video-preview:-1\" \/>\n<link rel=\"canonical\" href=\"https:\/\/sbdapparel.lt\/en\/product\/nova-treniruociu-marskineliai\/\" \/>\n<meta property=\"og:locale\" content=\"en_US\" \/>\n<meta property=\"og:type\" content=\"article\" \/>\n<meta property=\"og:title\" content=\"NOVA TRENIRUO\u010cI\u0172 MAR\u0160KIN\u0116LIAI - SBD Apparel LT\" \/>\n<meta property=\"og:description\" content=\"Nuo medviln\u0117s iki siuvimo visi\u0161kai JK pagaminti SBD mar\u0161kin\u0117liai gali atlaikyti sunkiausias treniruotes. Sukurta pagal sportinink\u0173 atsiliepimais.\" \/>\n<meta property=\"og:url\" content=\"https:\/\/sbdapparel.lt\/en\/product\/nova-treniruociu-marskineliai\/\" \/>\n<meta property=\"og:site_name\" content=\"SBD Apparel LT\" \/>\n<meta property=\"article:modified_time\" content=\"2026-02-11T16:30:38+00:00\" \/>\n<meta property=\"og:image\" content=\"http:\/\/sbdapparel.lt\/wp-content\/uploads\/2026\/02\/Training-T-shirt-Women-01.jpg\" \/>\n\t<meta property=\"og:image:width\" content=\"2048\" \/>\n\t<meta property=\"og:image:height\" content=\"2048\" \/>\n\t<meta property=\"og:image:type\" content=\"image\/jpeg\" \/>\n<meta name=\"twitter:card\" content=\"summary_large_image\" \/>\n<meta name=\"twitter:label1\" content=\"Est. reading time\" \/>\n\t<meta name=\"twitter:data1\" content=\"1 minute\" \/>\n<script type=\"application\/ld+json\" class=\"yoast-schema-graph\">{\"@context\":\"https:\/\/schema.org\",\"@graph\":[{\"@type\":\"WebPage\",\"@id\":\"https:\/\/sbdapparel.lt\/product\/nova-treniruociu-marskineliai\/\",\"url\":\"https:\/\/sbdapparel.lt\/product\/nova-treniruociu-marskineliai\/\",\"name\":\"NOVA TRENIRUO\u010cI\u0172 MAR\u0160KIN\u0116LIAI - SBD Apparel LT\",\"isPartOf\":{\"@id\":\"https:\/\/sbdapparel.lt\/#website\"},\"primaryImageOfPage\":{\"@id\":\"https:\/\/sbdapparel.lt\/product\/nova-treniruociu-marskineliai\/#primaryimage\"},\"image\":{\"@id\":\"https:\/\/sbdapparel.lt\/product\/nova-treniruociu-marskineliai\/#primaryimage\"},\"thumbnailUrl\":\"https:\/\/sbdapparel.lt\/wp-content\/uploads\/2026\/02\/Training-T-shirt-Women-01.jpg\",\"datePublished\":\"2026-02-04T14:58:07+00:00\",\"dateModified\":\"2026-02-11T16:30:38+00:00\",\"description\":\"Nuo medviln\u0117s iki siuvimo visi\u0161kai JK pagaminti SBD mar\u0161kin\u0117liai gali atlaikyti sunkiausias treniruotes. Sukurta pagal sportinink\u0173 atsiliepimais.\",\"breadcrumb\":{\"@id\":\"https:\/\/sbdapparel.lt\/product\/nova-treniruociu-marskineliai\/#breadcrumb\"},\"inLanguage\":\"en-US\",\"potentialAction\":[{\"@type\":\"ReadAction\",\"target\":[\"https:\/\/sbdapparel.lt\/product\/nova-treniruociu-marskineliai\/\"]}]},{\"@type\":\"ImageObject\",\"inLanguage\":\"en-US\",\"@id\":\"https:\/\/sbdapparel.lt\/product\/nova-treniruociu-marskineliai\/#primaryimage\",\"url\":\"https:\/\/sbdapparel.lt\/wp-content\/uploads\/2026\/02\/Training-T-shirt-Women-01.jpg\",\"contentUrl\":\"https:\/\/sbdapparel.lt\/wp-content\/uploads\/2026\/02\/Training-T-shirt-Women-01.jpg\",\"width\":2048,\"height\":2048},{\"@type\":\"BreadcrumbList\",\"@id\":\"https:\/\/sbdapparel.lt\/product\/nova-treniruociu-marskineliai\/#breadcrumb\",\"itemListElement\":[{\"@type\":\"ListItem\",\"position\":1,\"name\":\"Home\",\"item\":\"https:\/\/sbdapparel.lt\/\"},{\"@type\":\"ListItem\",\"position\":2,\"name\":\"Produktai\",\"item\":\"https:\/\/sbdapparel.lt\/shop\/\"},{\"@type\":\"ListItem\",\"position\":3,\"name\":\"NOVA TRENIRUO\u010cI\u0172 MAR\u0160KIN\u0116LIAI\"}]},{\"@type\":\"WebSite\",\"@id\":\"https:\/\/sbdapparel.lt\/#website\",\"url\":\"https:\/\/sbdapparel.lt\/\",\"name\":\"SBD Apparel LT\",\"description\":\"LIETUVA\",\"publisher\":{\"@id\":\"https:\/\/sbdapparel.lt\/#organization\"},\"potentialAction\":[{\"@type\":\"SearchAction\",\"target\":{\"@type\":\"EntryPoint\",\"urlTemplate\":\"https:\/\/sbdapparel.lt\/?s={search_term_string}\"},\"query-input\":{\"@type\":\"PropertyValueSpecification\",\"valueRequired\":true,\"valueName\":\"search_term_string\"}}],\"inLanguage\":\"en-US\"},{\"@type\":\"Organization\",\"@id\":\"https:\/\/sbdapparel.lt\/#organization\",\"name\":\"SBD Apparel LT\",\"url\":\"https:\/\/sbdapparel.lt\/\",\"logo\":{\"@type\":\"ImageObject\",\"inLanguage\":\"en-US\",\"@id\":\"https:\/\/sbdapparel.lt\/#\/schema\/logo\/image\/\",\"url\":\"https:\/\/sbdapparel.lt\/wp-content\/uploads\/2023\/07\/cropped-SBD_Identity_OnDark_RGB.png\",\"contentUrl\":\"https:\/\/sbdapparel.lt\/wp-content\/uploads\/2023\/07\/cropped-SBD_Identity_OnDark_RGB.png\",\"width\":1182,\"height\":515,\"caption\":\"SBD Apparel LT\"},\"image\":{\"@id\":\"https:\/\/sbdapparel.lt\/#\/schema\/logo\/image\/\"}}]}<\/script>\n<!-- \/ Yoast SEO plugin. -->","yoast_head_json":{"title":"NOVA TRENIRUO\u010cI\u0172 MAR\u0160KIN\u0116LIAI - SBD Apparel LT","description":"Nuo medviln\u0117s iki siuvimo visi\u0161kai JK pagaminti SBD mar\u0161kin\u0117liai gali atlaikyti sunkiausias treniruotes. Sukurta pagal sportinink\u0173 atsiliepimais.","robots":{"index":"index","follow":"follow","max-snippet":"max-snippet:-1","max-image-preview":"max-image-preview:large","max-video-preview":"max-video-preview:-1"},"canonical":"https:\/\/sbdapparel.lt\/en\/product\/nova-treniruociu-marskineliai\/","og_locale":"en_US","og_type":"article","og_title":"NOVA TRENIRUO\u010cI\u0172 MAR\u0160KIN\u0116LIAI - SBD Apparel LT","og_description":"Nuo medviln\u0117s iki siuvimo visi\u0161kai JK pagaminti SBD mar\u0161kin\u0117liai gali atlaikyti sunkiausias treniruotes. Sukurta pagal sportinink\u0173 atsiliepimais.","og_url":"https:\/\/sbdapparel.lt\/en\/product\/nova-treniruociu-marskineliai\/","og_site_name":"SBD Apparel LT","article_modified_time":"2026-02-11T16:30:38+00:00","og_image":[{"width":2048,"height":2048,"url":"http:\/\/sbdapparel.lt\/wp-content\/uploads\/2026\/02\/Training-T-shirt-Women-01.jpg","type":"image\/jpeg"}],"twitter_card":"summary_large_image","twitter_misc":{"Est. reading time":"1 minute"},"schema":{"@context":"https:\/\/schema.org","@graph":[{"@type":"WebPage","@id":"https:\/\/sbdapparel.lt\/product\/nova-treniruociu-marskineliai\/","url":"https:\/\/sbdapparel.lt\/product\/nova-treniruociu-marskineliai\/","name":"NOVA TRENIRUO\u010cI\u0172 MAR\u0160KIN\u0116LIAI - SBD Apparel LT","isPartOf":{"@id":"https:\/\/sbdapparel.lt\/#website"},"primaryImageOfPage":{"@id":"https:\/\/sbdapparel.lt\/product\/nova-treniruociu-marskineliai\/#primaryimage"},"image":{"@id":"https:\/\/sbdapparel.lt\/product\/nova-treniruociu-marskineliai\/#primaryimage"},"thumbnailUrl":"https:\/\/sbdapparel.lt\/wp-content\/uploads\/2026\/02\/Training-T-shirt-Women-01.jpg","datePublished":"2026-02-04T14:58:07+00:00","dateModified":"2026-02-11T16:30:38+00:00","description":"Nuo medviln\u0117s iki siuvimo visi\u0161kai JK pagaminti SBD mar\u0161kin\u0117liai gali atlaikyti sunkiausias treniruotes. Sukurta pagal sportinink\u0173 atsiliepimais.","breadcrumb":{"@id":"https:\/\/sbdapparel.lt\/product\/nova-treniruociu-marskineliai\/#breadcrumb"},"inLanguage":"en-US","potentialAction":[{"@type":"ReadAction","target":["https:\/\/sbdapparel.lt\/product\/nova-treniruociu-marskineliai\/"]}]},{"@type":"ImageObject","inLanguage":"en-US","@id":"https:\/\/sbdapparel.lt\/product\/nova-treniruociu-marskineliai\/#primaryimage","url":"https:\/\/sbdapparel.lt\/wp-content\/uploads\/2026\/02\/Training-T-shirt-Women-01.jpg","contentUrl":"https:\/\/sbdapparel.lt\/wp-content\/uploads\/2026\/02\/Training-T-shirt-Women-01.jpg","width":2048,"height":2048},{"@type":"BreadcrumbList","@id":"https:\/\/sbdapparel.lt\/product\/nova-treniruociu-marskineliai\/#breadcrumb","itemListElement":[{"@type":"ListItem","position":1,"name":"Home","item":"https:\/\/sbdapparel.lt\/"},{"@type":"ListItem","position":2,"name":"Produktai","item":"https:\/\/sbdapparel.lt\/shop\/"},{"@type":"ListItem","position":3,"name":"NOVA TRENIRUO\u010cI\u0172 MAR\u0160KIN\u0116LIAI"}]},{"@type":"WebSite","@id":"https:\/\/sbdapparel.lt\/#website","url":"https:\/\/sbdapparel.lt\/","name":"SBD Apparel LT","description":"LIETUVA","publisher":{"@id":"https:\/\/sbdapparel.lt\/#organization"},"potentialAction":[{"@type":"SearchAction","target":{"@type":"EntryPoint","urlTemplate":"https:\/\/sbdapparel.lt\/?s={search_term_string}"},"query-input":{"@type":"PropertyValueSpecification","valueRequired":true,"valueName":"search_term_string"}}],"inLanguage":"en-US"},{"@type":"Organization","@id":"https:\/\/sbdapparel.lt\/#organization","name":"SBD Apparel LT","url":"https:\/\/sbdapparel.lt\/","logo":{"@type":"ImageObject","inLanguage":"en-US","@id":"https:\/\/sbdapparel.lt\/#\/schema\/logo\/image\/","url":"https:\/\/sbdapparel.lt\/wp-content\/uploads\/2023\/07\/cropped-SBD_Identity_OnDark_RGB.png","contentUrl":"https:\/\/sbdapparel.lt\/wp-content\/uploads\/2023\/07\/cropped-SBD_Identity_OnDark_RGB.png","width":1182,"height":515,"caption":"SBD Apparel LT"},"image":{"@id":"https:\/\/sbdapparel.lt\/#\/schema\/logo\/image\/"}}]}},"_links":{"self":[{"href":"https:\/\/sbdapparel.lt\/en\/wp-json\/wp\/v2\/product\/6366","targetHints":{"allow":["GET"]}}],"collection":[{"href":"https:\/\/sbdapparel.lt\/en\/wp-json\/wp\/v2\/product"}],"about":[{"href":"https:\/\/sbdapparel.lt\/en\/wp-json\/wp\/v2\/types\/product"}],"version-history":[{"count":1,"href":"https:\/\/sbdapparel.lt\/en\/wp-json\/wp\/v2\/product\/6366\/revisions"}],"predecessor-version":[{"id":6378,"href":"https:\/\/sbdapparel.lt\/en\/wp-json\/wp\/v2\/product\/6366\/revisions\/6378"}],"wp:featuredmedia":[{"embeddable":true,"href":"https:\/\/sbdapparel.lt\/en\/wp-json\/wp\/v2\/media\/6375"}],"wp:attachment":[{"href":"https:\/\/sbdapparel.lt\/en\/wp-json\/wp\/v2\/media?parent=6366"}],"wp:term":[{"taxonomy":"product_brand","embeddable":true,"href":"https:\/\/sbdapparel.lt\/en\/wp-json\/wp\/v2\/product_brand?post=6366"},{"taxonomy":"product_cat","embeddable":true,"href":"https:\/\/sbdapparel.lt\/en\/wp-json\/wp\/v2\/product_cat?post=6366"},{"taxonomy":"product_tag","embeddable":true,"href":"https:\/\/sbdapparel.lt\/en\/wp-json\/wp\/v2\/product_tag?post=6366"},{"taxonomy":"giftcard-category","embeddable":true,"href":"https:\/\/sbdapparel.lt\/en\/wp-json\/wp\/v2\/giftcard-category?post=6366"}],"curies":[{"name":"wp","href":"https:\/\/api.w.org\/{rel}","templated":true}]}}