{"id":6392,"date":"2026-02-04T20:03:10","date_gmt":"2026-02-04T17:03:10","guid":{"rendered":"https:\/\/sbdapparel.lt\/?post_type=product&#038;p=6392"},"modified":"2026-02-10T22:33:51","modified_gmt":"2026-02-10T19:33:51","slug":"nova-dzemperis","status":"publish","type":"product","link":"https:\/\/sbdapparel.lt\/en\/product\/nova-dzemperis\/","title":{"rendered":"NOVA D\u017dEMPERIS"},"content":{"rendered":"","protected":false},"excerpt":{"rendered":"<p>SBD d\u017eemperis buvo sukurtas bendradarbiaujant su j\u0117gos atletais, kad b\u016bt\u0173 patogus ir atlaikyt\u0173 sunkiausias treniruotes.<\/p>\n<p>Nova yra riboto leidimo kolekcija, pasi\u017eyminti tokiomis pat savyb\u0117mis ir pagaminta pagal tokius pa\u010dius auk\u0161tus standartus kaip ir m\u016bs\u0173 klasikin\u0117 produkt\u0173 linija.<\/p>\n<p>Relaxed unisex fit.<br \/>\nSBD Traceability.<br \/>\nMade in Sheffield, Great Britain.<\/p>","protected":false},"featured_media":6403,"template":"","meta":[],"product_brand":[],"product_cat":[69,77],"product_tag":[],"giftcard-category":[],"class_list":{"0":"post-6392","1":"product","2":"type-product","3":"status-publish","4":"has-post-thumbnail","6":"product_cat-dzemperiai","7":"product_cat-nova","10":"instock","11":"shipping-taxable","12":"purchasable","13":"product-type-variable","14":"product-grid-view"},"yoast_head":"<!-- This site is optimized with the Yoast SEO plugin v26.9 - https:\/\/yoast.com\/product\/yoast-seo-wordpress\/ -->\n<title>NOVA D\u017dEMPERIS - SBD Apparel LT<\/title>\n<meta name=\"robots\" content=\"index, follow, max-snippet:-1, max-image-preview:large, max-video-preview:-1\" \/>\n<link rel=\"canonical\" href=\"https:\/\/sbdapparel.lt\/en\/product\/nova-dzemperis\/\" \/>\n<meta property=\"og:locale\" content=\"en_US\" \/>\n<meta property=\"og:type\" content=\"article\" \/>\n<meta property=\"og:title\" content=\"NOVA D\u017dEMPERIS - SBD Apparel LT\" \/>\n<meta property=\"og:description\" content=\"SBD d\u017eemperis buvo sukurtas bendradarbiaujant su j\u0117gos atletais, kad b\u016bt\u0173 patogus ir atlaikyt\u0173 sunkiausias treniruotes.  Nova yra riboto leidimo kolekcija, pasi\u017eyminti tokiomis pat savyb\u0117mis ir pagaminta pagal tokius pa\u010dius auk\u0161tus standartus kaip ir m\u016bs\u0173 klasikin\u0117 produkt\u0173 linija.  Atpalaiduotas unisex modelis. SBD atsekamumas. Pagaminta \u0160efilde, Did\u017eiojoje Britanijoje.\" \/>\n<meta property=\"og:url\" content=\"https:\/\/sbdapparel.lt\/en\/product\/nova-dzemperis\/\" \/>\n<meta property=\"og:site_name\" content=\"SBD Apparel LT\" \/>\n<meta property=\"article:modified_time\" content=\"2026-02-10T19:33:51+00:00\" \/>\n<meta property=\"og:image\" content=\"http:\/\/sbdapparel.lt\/wp-content\/uploads\/2026\/02\/Sweatshirt-Men-01-1.jpg\" \/>\n\t<meta property=\"og:image:width\" content=\"2048\" \/>\n\t<meta property=\"og:image:height\" content=\"2048\" \/>\n\t<meta property=\"og:image:type\" content=\"image\/jpeg\" \/>\n<meta name=\"twitter:card\" content=\"summary_large_image\" \/>\n<meta name=\"twitter:label1\" content=\"Est. reading time\" \/>\n\t<meta name=\"twitter:data1\" content=\"1 minute\" \/>\n<script type=\"application\/ld+json\" class=\"yoast-schema-graph\">{\"@context\":\"https:\/\/schema.org\",\"@graph\":[{\"@type\":\"WebPage\",\"@id\":\"https:\/\/sbdapparel.lt\/product\/nova-dzemperis\/\",\"url\":\"https:\/\/sbdapparel.lt\/product\/nova-dzemperis\/\",\"name\":\"NOVA D\u017dEMPERIS - SBD Apparel LT\",\"isPartOf\":{\"@id\":\"https:\/\/sbdapparel.lt\/#website\"},\"primaryImageOfPage\":{\"@id\":\"https:\/\/sbdapparel.lt\/product\/nova-dzemperis\/#primaryimage\"},\"image\":{\"@id\":\"https:\/\/sbdapparel.lt\/product\/nova-dzemperis\/#primaryimage\"},\"thumbnailUrl\":\"https:\/\/sbdapparel.lt\/wp-content\/uploads\/2026\/02\/Sweatshirt-Men-01-1.jpg\",\"datePublished\":\"2026-02-04T17:03:10+00:00\",\"dateModified\":\"2026-02-10T19:33:51+00:00\",\"breadcrumb\":{\"@id\":\"https:\/\/sbdapparel.lt\/product\/nova-dzemperis\/#breadcrumb\"},\"inLanguage\":\"en-US\",\"potentialAction\":[{\"@type\":\"ReadAction\",\"target\":[\"https:\/\/sbdapparel.lt\/product\/nova-dzemperis\/\"]}]},{\"@type\":\"ImageObject\",\"inLanguage\":\"en-US\",\"@id\":\"https:\/\/sbdapparel.lt\/product\/nova-dzemperis\/#primaryimage\",\"url\":\"https:\/\/sbdapparel.lt\/wp-content\/uploads\/2026\/02\/Sweatshirt-Men-01-1.jpg\",\"contentUrl\":\"https:\/\/sbdapparel.lt\/wp-content\/uploads\/2026\/02\/Sweatshirt-Men-01-1.jpg\",\"width\":2048,\"height\":2048},{\"@type\":\"BreadcrumbList\",\"@id\":\"https:\/\/sbdapparel.lt\/product\/nova-dzemperis\/#breadcrumb\",\"itemListElement\":[{\"@type\":\"ListItem\",\"position\":1,\"name\":\"Home\",\"item\":\"https:\/\/sbdapparel.lt\/\"},{\"@type\":\"ListItem\",\"position\":2,\"name\":\"Produktai\",\"item\":\"https:\/\/sbdapparel.lt\/shop\/\"},{\"@type\":\"ListItem\",\"position\":3,\"name\":\"NOVA D\u017dEMPERIS\"}]},{\"@type\":\"WebSite\",\"@id\":\"https:\/\/sbdapparel.lt\/#website\",\"url\":\"https:\/\/sbdapparel.lt\/\",\"name\":\"SBD Apparel LT\",\"description\":\"LIETUVA\",\"publisher\":{\"@id\":\"https:\/\/sbdapparel.lt\/#organization\"},\"potentialAction\":[{\"@type\":\"SearchAction\",\"target\":{\"@type\":\"EntryPoint\",\"urlTemplate\":\"https:\/\/sbdapparel.lt\/?s={search_term_string}\"},\"query-input\":{\"@type\":\"PropertyValueSpecification\",\"valueRequired\":true,\"valueName\":\"search_term_string\"}}],\"inLanguage\":\"en-US\"},{\"@type\":\"Organization\",\"@id\":\"https:\/\/sbdapparel.lt\/#organization\",\"name\":\"SBD Apparel LT\",\"url\":\"https:\/\/sbdapparel.lt\/\",\"logo\":{\"@type\":\"ImageObject\",\"inLanguage\":\"en-US\",\"@id\":\"https:\/\/sbdapparel.lt\/#\/schema\/logo\/image\/\",\"url\":\"https:\/\/sbdapparel.lt\/wp-content\/uploads\/2023\/07\/cropped-SBD_Identity_OnDark_RGB.png\",\"contentUrl\":\"https:\/\/sbdapparel.lt\/wp-content\/uploads\/2023\/07\/cropped-SBD_Identity_OnDark_RGB.png\",\"width\":1182,\"height\":515,\"caption\":\"SBD Apparel LT\"},\"image\":{\"@id\":\"https:\/\/sbdapparel.lt\/#\/schema\/logo\/image\/\"}}]}<\/script>\n<!-- \/ Yoast SEO plugin. -->","yoast_head_json":{"title":"NOVA D\u017dEMPERIS - SBD Apparel LT","robots":{"index":"index","follow":"follow","max-snippet":"max-snippet:-1","max-image-preview":"max-image-preview:large","max-video-preview":"max-video-preview:-1"},"canonical":"https:\/\/sbdapparel.lt\/en\/product\/nova-dzemperis\/","og_locale":"en_US","og_type":"article","og_title":"NOVA D\u017dEMPERIS - SBD Apparel LT","og_description":"SBD d\u017eemperis buvo sukurtas bendradarbiaujant su j\u0117gos atletais, kad b\u016bt\u0173 patogus ir atlaikyt\u0173 sunkiausias treniruotes.  Nova yra riboto leidimo kolekcija, pasi\u017eyminti tokiomis pat savyb\u0117mis ir pagaminta pagal tokius pa\u010dius auk\u0161tus standartus kaip ir m\u016bs\u0173 klasikin\u0117 produkt\u0173 linija.  Atpalaiduotas unisex modelis. SBD atsekamumas. Pagaminta \u0160efilde, Did\u017eiojoje Britanijoje.","og_url":"https:\/\/sbdapparel.lt\/en\/product\/nova-dzemperis\/","og_site_name":"SBD Apparel LT","article_modified_time":"2026-02-10T19:33:51+00:00","og_image":[{"width":2048,"height":2048,"url":"http:\/\/sbdapparel.lt\/wp-content\/uploads\/2026\/02\/Sweatshirt-Men-01-1.jpg","type":"image\/jpeg"}],"twitter_card":"summary_large_image","twitter_misc":{"Est. reading time":"1 minute"},"schema":{"@context":"https:\/\/schema.org","@graph":[{"@type":"WebPage","@id":"https:\/\/sbdapparel.lt\/product\/nova-dzemperis\/","url":"https:\/\/sbdapparel.lt\/product\/nova-dzemperis\/","name":"NOVA D\u017dEMPERIS - SBD Apparel LT","isPartOf":{"@id":"https:\/\/sbdapparel.lt\/#website"},"primaryImageOfPage":{"@id":"https:\/\/sbdapparel.lt\/product\/nova-dzemperis\/#primaryimage"},"image":{"@id":"https:\/\/sbdapparel.lt\/product\/nova-dzemperis\/#primaryimage"},"thumbnailUrl":"https:\/\/sbdapparel.lt\/wp-content\/uploads\/2026\/02\/Sweatshirt-Men-01-1.jpg","datePublished":"2026-02-04T17:03:10+00:00","dateModified":"2026-02-10T19:33:51+00:00","breadcrumb":{"@id":"https:\/\/sbdapparel.lt\/product\/nova-dzemperis\/#breadcrumb"},"inLanguage":"en-US","potentialAction":[{"@type":"ReadAction","target":["https:\/\/sbdapparel.lt\/product\/nova-dzemperis\/"]}]},{"@type":"ImageObject","inLanguage":"en-US","@id":"https:\/\/sbdapparel.lt\/product\/nova-dzemperis\/#primaryimage","url":"https:\/\/sbdapparel.lt\/wp-content\/uploads\/2026\/02\/Sweatshirt-Men-01-1.jpg","contentUrl":"https:\/\/sbdapparel.lt\/wp-content\/uploads\/2026\/02\/Sweatshirt-Men-01-1.jpg","width":2048,"height":2048},{"@type":"BreadcrumbList","@id":"https:\/\/sbdapparel.lt\/product\/nova-dzemperis\/#breadcrumb","itemListElement":[{"@type":"ListItem","position":1,"name":"Home","item":"https:\/\/sbdapparel.lt\/"},{"@type":"ListItem","position":2,"name":"Produktai","item":"https:\/\/sbdapparel.lt\/shop\/"},{"@type":"ListItem","position":3,"name":"NOVA D\u017dEMPERIS"}]},{"@type":"WebSite","@id":"https:\/\/sbdapparel.lt\/#website","url":"https:\/\/sbdapparel.lt\/","name":"SBD Apparel LT","description":"LIETUVA","publisher":{"@id":"https:\/\/sbdapparel.lt\/#organization"},"potentialAction":[{"@type":"SearchAction","target":{"@type":"EntryPoint","urlTemplate":"https:\/\/sbdapparel.lt\/?s={search_term_string}"},"query-input":{"@type":"PropertyValueSpecification","valueRequired":true,"valueName":"search_term_string"}}],"inLanguage":"en-US"},{"@type":"Organization","@id":"https:\/\/sbdapparel.lt\/#organization","name":"SBD Apparel LT","url":"https:\/\/sbdapparel.lt\/","logo":{"@type":"ImageObject","inLanguage":"en-US","@id":"https:\/\/sbdapparel.lt\/#\/schema\/logo\/image\/","url":"https:\/\/sbdapparel.lt\/wp-content\/uploads\/2023\/07\/cropped-SBD_Identity_OnDark_RGB.png","contentUrl":"https:\/\/sbdapparel.lt\/wp-content\/uploads\/2023\/07\/cropped-SBD_Identity_OnDark_RGB.png","width":1182,"height":515,"caption":"SBD Apparel LT"},"image":{"@id":"https:\/\/sbdapparel.lt\/#\/schema\/logo\/image\/"}}]}},"_links":{"self":[{"href":"https:\/\/sbdapparel.lt\/en\/wp-json\/wp\/v2\/product\/6392","targetHints":{"allow":["GET"]}}],"collection":[{"href":"https:\/\/sbdapparel.lt\/en\/wp-json\/wp\/v2\/product"}],"about":[{"href":"https:\/\/sbdapparel.lt\/en\/wp-json\/wp\/v2\/types\/product"}],"version-history":[{"count":1,"href":"https:\/\/sbdapparel.lt\/en\/wp-json\/wp\/v2\/product\/6392\/revisions"}],"predecessor-version":[{"id":6406,"href":"https:\/\/sbdapparel.lt\/en\/wp-json\/wp\/v2\/product\/6392\/revisions\/6406"}],"wp:featuredmedia":[{"embeddable":true,"href":"https:\/\/sbdapparel.lt\/en\/wp-json\/wp\/v2\/media\/6403"}],"wp:attachment":[{"href":"https:\/\/sbdapparel.lt\/en\/wp-json\/wp\/v2\/media?parent=6392"}],"wp:term":[{"taxonomy":"product_brand","embeddable":true,"href":"https:\/\/sbdapparel.lt\/en\/wp-json\/wp\/v2\/product_brand?post=6392"},{"taxonomy":"product_cat","embeddable":true,"href":"https:\/\/sbdapparel.lt\/en\/wp-json\/wp\/v2\/product_cat?post=6392"},{"taxonomy":"product_tag","embeddable":true,"href":"https:\/\/sbdapparel.lt\/en\/wp-json\/wp\/v2\/product_tag?post=6392"},{"taxonomy":"giftcard-category","embeddable":true,"href":"https:\/\/sbdapparel.lt\/en\/wp-json\/wp\/v2\/giftcard-category?post=6392"}],"curies":[{"name":"wp","href":"https:\/\/api.w.org\/{rel}","templated":true}]}}